{"id":2163,"date":"2021-02-09T07:49:54","date_gmt":"2021-02-09T07:49:54","guid":{"rendered":"https:\/\/jlx.fi\/dev\/ingangssidan\/processunderhall-for-professionella\/"},"modified":"2022-10-17T08:08:56","modified_gmt":"2022-10-17T08:08:56","slug":"processunderhall-for-professionella","status":"publish","type":"page","link":"https:\/\/jlx.fi\/sv\/ingangssidan\/processunderhall-for-professionella\/","title":{"rendered":"Processunderh\u00e5ll f\u00f6r professionella"},"content":{"rendered":"\t\t<div data-elementor-type=\"wp-page\" data-elementor-id=\"2163\" class=\"elementor elementor-2163 elementor-213\" data-elementor-post-type=\"page\">\n\t\t\t\t\t\t<section class=\"elementor-section elementor-top-section elementor-element elementor-element-51bb9b6b elementor-section-boxed elementor-section-height-default elementor-section-height-default\" data-id=\"51bb9b6b\" data-element_type=\"section\" data-e-type=\"section\">\n\t\t\t\t\t\t<div class=\"elementor-container elementor-column-gap-default\">\n\t\t\t\t\t<div class=\"elementor-column elementor-col-100 elementor-top-column elementor-element elementor-element-59fe20c8\" data-id=\"59fe20c8\" data-element_type=\"column\" data-e-type=\"column\">\n\t\t\t<div class=\"elementor-widget-wrap elementor-element-populated\">\n\t\t\t\t\t\t<div class=\"elementor-element elementor-element-5341e58 elementor-widget elementor-widget-heading\" data-id=\"5341e58\" data-element_type=\"widget\" data-e-type=\"widget\" data-widget_type=\"heading.default\">\n\t\t\t\t<div class=\"elementor-widget-container\">\n\t\t\t\t\t<h2 class=\"elementor-heading-title elementor-size-default\">Processunderh\u00e5ll f\u00f6r professionella<\/h2>\t\t\t\t<\/div>\n\t\t\t\t<\/div>\n\t\t\t\t<div class=\"elementor-element elementor-element-3eaaaa7d elementor-widget elementor-widget-text-editor\" data-id=\"3eaaaa7d\" data-element_type=\"widget\" data-e-type=\"widget\" data-widget_type=\"text-editor.default\">\n\t\t\t\t<div class=\"elementor-widget-container\">\n\t\t\t\t\t\t\t\t\t<p>Vi erbjuder skr\u00e4ddarsydda kompensatorl\u00f6sningar f\u00f6r processunderh\u00e5ll, isolering-, och installationsservice och granskningar. Till v\u00e5r styrka h\u00f6r f\u00f6rutom erfarenheten och yrkeskunskapen ocks\u00e5 f\u00f6rhandsplanering vilket garanterar s\u00e5 korta driftsavbrott som m\u00f6jligt. Detta st\u00f6ds ocks\u00e5 av v\u00e5ra f\u00f6rhandsinspektioner, produkttillverkning som till och med utf\u00f6rs p\u00e5 plats och st\u00e4lle och snabba reaktioner vid problem.<\/p><p>Vi erbjuder ocks\u00e5 avtal om underh\u00e5ll av kompensatorer som omfattar tj\u00e4nster enligt \u00f6verenskommelser som vi ing\u00e5r fr\u00e5n fall till fall: granskningar av kompensatorer och v\u00e4rmekamerainspelningar j\u00e4mte rapporter, f\u00f6rteckning \u00f6ver kompensatorer med identifieringsuppgifter och tekniska uppgifter, service- och underh\u00e5llsplan, underh\u00e5lls- och installations\u00e5tg\u00e4rder p\u00e5 kompensatorer, eftergranskning och rapportering.<\/p><p>Vi f\u00f6rvarar alltid varje kunds egen underh\u00e5llshistoria och dokumentationen i anslutning till den och kan tack vare detta ocks\u00e5 arbeta sj\u00e4lvst\u00e4ndigt p\u00e5 olika arbetsplatser. S\u00e4kerheten i arbetet \u00e4r lika viktig f\u00f6r oss som f\u00f6r v\u00e5ra kunder, vi ser alltid till att vi har \u00e4ndam\u00e5lsenlig utrustning och kl\u00e4dsel och vi utbildar v\u00e5r personal regelbundet.<\/p><p>V\u00e5ra produkter \u00e4r bl.a.:<\/p><p>\u2013 v\u00e4vkompensatorer<br \/>\u2013 kompensatorer f\u00f6r fl\u00e4ktar<br \/>\u2013 spiralr\u00f6r, cylinderskydd<br \/>\u2013 gummikompensatorer<br \/>\u2013 metallkompensatorer<br \/>\u2013 metallslangar<\/p><p>\u00a0<\/p><p><img fetchpriority=\"high\" decoding=\"async\" class=\"alignnone  wp-image-3605\" src=\"https:\/\/jlx.fi\/wp-content\/uploads\/2022\/10\/referenssi5-1-scaled.jpg\" alt=\"Koko prosessi suunnittelusta varastointiin\" width=\"200\" height=\"266\" srcset=\"https:\/\/jlx.fi\/wp-content\/uploads\/2022\/10\/referenssi5-1-scaled.jpg 1920w, https:\/\/jlx.fi\/wp-content\/uploads\/2022\/10\/referenssi5-1-225x300.jpg 225w, https:\/\/jlx.fi\/wp-content\/uploads\/2022\/10\/referenssi5-1-768x1024.jpg 768w, https:\/\/jlx.fi\/wp-content\/uploads\/2022\/10\/referenssi5-1-1152x1536.jpg 1152w, https:\/\/jlx.fi\/wp-content\/uploads\/2022\/10\/referenssi5-1-1536x2048.jpg 1536w\" sizes=\"(max-width: 200px) 100vw, 200px\" \/><img decoding=\"async\" class=\"alignnone  wp-image-3601\" src=\"https:\/\/jlx.fi\/wp-content\/uploads\/2022\/10\/referenssi4-1-scaled.jpg\" alt=\"Koko prosessi suunnittelusta varastointiin\" width=\"441\" height=\"267\" srcset=\"https:\/\/jlx.fi\/wp-content\/uploads\/2022\/10\/referenssi4-1-scaled.jpg 2560w, https:\/\/jlx.fi\/wp-content\/uploads\/2022\/10\/referenssi4-1-300x182.jpg 300w, https:\/\/jlx.fi\/wp-content\/uploads\/2022\/10\/referenssi4-1-1024x620.jpg 1024w, https:\/\/jlx.fi\/wp-content\/uploads\/2022\/10\/referenssi4-1-768x465.jpg 768w, https:\/\/jlx.fi\/wp-content\/uploads\/2022\/10\/referenssi4-1-1536x931.jpg 1536w, https:\/\/jlx.fi\/wp-content\/uploads\/2022\/10\/referenssi4-1-2048x1241.jpg 2048w\" sizes=\"(max-width: 441px) 100vw, 441px\" \/><\/p><p><a href=\"http:\/\/www.jlx.fi\/sv\/\">Tillbaka till f\u00f6rsta sidan<\/a><\/p>\t\t\t\t\t\t\t\t<\/div>\n\t\t\t\t<\/div>\n\t\t\t\t\t<\/div>\n\t\t<\/div>\n\t\t\t\t\t<\/div>\n\t\t<\/section>\n\t\t\t\t<\/div>\n\t\t","protected":false},"excerpt":{"rendered":"<p>Vi erbjuder skr\u00e4ddarsydda kompensatorl\u00f6sningar f\u00f6r processunderh\u00e5ll, isolering-, och underh\u00e5llsservice och granskningar. Till v\u00e5r styrka h\u00f6r f\u00f6rutom erfarenheten och yrkeskunskapen ocks\u00e5 f\u00f6rhandsplanering och snabba reaktioner vid problem.<\/p>\n","protected":false},"author":1,"featured_media":1712,"parent":2122,"menu_order":2,"comment_status":"closed","ping_status":"closed","template":"","meta":{"footnotes":""},"class_list":["post-2163","page","type-page","status-publish","has-post-thumbnail","hentry"],"aioseo_notices":[],"_links":{"self":[{"href":"https:\/\/jlx.fi\/sv\/wp-json\/wp\/v2\/pages\/2163","targetHints":{"allow":["GET"]}}],"collection":[{"href":"https:\/\/jlx.fi\/sv\/wp-json\/wp\/v2\/pages"}],"about":[{"href":"https:\/\/jlx.fi\/sv\/wp-json\/wp\/v2\/types\/page"}],"author":[{"embeddable":true,"href":"https:\/\/jlx.fi\/sv\/wp-json\/wp\/v2\/users\/1"}],"replies":[{"embeddable":true,"href":"https:\/\/jlx.fi\/sv\/wp-json\/wp\/v2\/comments?post=2163"}],"version-history":[{"count":6,"href":"https:\/\/jlx.fi\/sv\/wp-json\/wp\/v2\/pages\/2163\/revisions"}],"predecessor-version":[{"id":3617,"href":"https:\/\/jlx.fi\/sv\/wp-json\/wp\/v2\/pages\/2163\/revisions\/3617"}],"up":[{"embeddable":true,"href":"https:\/\/jlx.fi\/sv\/wp-json\/wp\/v2\/pages\/2122"}],"wp:featuredmedia":[{"embeddable":true,"href":"https:\/\/jlx.fi\/sv\/wp-json\/wp\/v2\/media\/1712"}],"wp:attachment":[{"href":"https:\/\/jlx.fi\/sv\/wp-json\/wp\/v2\/media?parent=2163"}],"curies":[{"name":"wp","href":"https:\/\/api.w.org\/{rel}","templated":true}]}}