{"id":1801,"date":"2021-02-08T21:07:00","date_gmt":"2021-02-08T21:07:00","guid":{"rendered":"https:\/\/jlx.fi\/dev\/foretaget\/"},"modified":"2024-01-08T12:52:50","modified_gmt":"2024-01-08T12:52:50","slug":"foretaget","status":"publish","type":"page","link":"https:\/\/jlx.fi\/sv\/foretaget\/","title":{"rendered":"F\u00f6retaget"},"content":{"rendered":"\t\t<div data-elementor-type=\"wp-page\" data-elementor-id=\"1801\" class=\"elementor elementor-1801 elementor-19\" data-elementor-post-type=\"page\">\n\t\t\t\t\t\t<section class=\"elementor-section elementor-top-section elementor-element elementor-element-2e7c8f2 elementor-section-boxed elementor-section-height-default elementor-section-height-default\" data-id=\"2e7c8f2\" data-element_type=\"section\" data-e-type=\"section\">\n\t\t\t\t\t\t<div class=\"elementor-container elementor-column-gap-default\">\n\t\t\t\t\t<div class=\"elementor-column elementor-col-50 elementor-top-column elementor-element elementor-element-dd63db8\" data-id=\"dd63db8\" data-element_type=\"column\" data-e-type=\"column\">\n\t\t\t<div class=\"elementor-widget-wrap elementor-element-populated\">\n\t\t\t\t\t\t<div class=\"elementor-element elementor-element-2b024be elementor-widget elementor-widget-heading\" data-id=\"2b024be\" data-element_type=\"widget\" data-e-type=\"widget\" data-widget_type=\"heading.default\">\n\t\t\t\t<div class=\"elementor-widget-container\">\n\t\t\t\t\t<h2 class=\"elementor-heading-title elementor-size-default\">JLX Industry<\/h2>\t\t\t\t<\/div>\n\t\t\t\t<\/div>\n\t\t\t\t<div class=\"elementor-element elementor-element-3e3f41a elementor-widget elementor-widget-text-editor\" data-id=\"3e3f41a\" data-element_type=\"widget\" data-e-type=\"widget\" data-widget_type=\"text-editor.default\">\n\t\t\t\t<div class=\"elementor-widget-container\">\n\t\t\t\t\t\t\t\t\t<p>JLX Industry \u00e4r ett familjef\u00f6retag med l\u00e5nga anor fr\u00e5n Raumo. Vi erbjuder v\u00e5ra kunder i industrin \u00f6vergripande, skr\u00e4ddarsydda och med tanke p\u00e5 energif\u00f6rbrukningen optimala speciall\u00f6sningar som vanligtvis anknyter till ett behov eller problem som beror p\u00e5 v\u00e4rme.<\/p>\n<p>Vi hanterar v\u00e4rmeutvidgning, producerar brands\u00e4kerhet, j\u00e4mnar ut vibrationer och f\u00f6rb\u00e4ttrar kontrollen av processer. Vi isolerar varmt och kallt f\u00f6r att v\u00e5ra kunders aff\u00e4rsverksamhet ska vara l\u00f6nsammare, tryggare och energieffektivare. Allt detta \u00e4r m\u00f6jligt tack vare decennier av erfarenhet av v\u00e4rme- och brandfasta material som vi utnyttjar p\u00e5 ett innovativt s\u00e4tt i v\u00e5ra produkter.<\/p>\n<p>Vi \u00e4r en leverant\u00f6r med full service. Vi erbjuder v\u00e5ra kunder skr\u00e4ddarsydd planering, tillverkning och installationsservice samt inspektioner och underh\u00e5ll.<\/p>\n\t\t\t\t\t\t\t\t<\/div>\n\t\t\t\t<\/div>\n\t\t\t\t<section class=\"elementor-section elementor-inner-section elementor-element elementor-element-961fae2 elementor-section-boxed elementor-section-height-default elementor-section-height-default\" data-id=\"961fae2\" data-element_type=\"section\" data-e-type=\"section\">\n\t\t\t\t\t\t<div class=\"elementor-container elementor-column-gap-default\">\n\t\t\t\t\t<div class=\"elementor-column elementor-col-33 elementor-inner-column elementor-element elementor-element-8a51a94\" data-id=\"8a51a94\" data-element_type=\"column\" data-e-type=\"column\">\n\t\t\t<div class=\"elementor-widget-wrap elementor-element-populated\">\n\t\t\t\t\t\t<div class=\"elementor-element elementor-element-e2eb130 elementor-widget elementor-widget-image\" data-id=\"e2eb130\" data-element_type=\"widget\" data-e-type=\"widget\" data-widget_type=\"image.default\">\n\t\t\t\t<div class=\"elementor-widget-container\">\n\t\t\t\t\t\t\t\t\t\t\t\t\t\t\t<img decoding=\"async\" src=\"https:\/\/jlx.fi\/wp-content\/uploads\/elementor\/thumbs\/kpy-mqon4jpum1y5kfri8oawt1inzhzfxyhlrybxrf69ds.gif\" title=\"kpy\" alt=\"Promaint\" loading=\"lazy\" \/>\t\t\t\t\t\t\t\t\t\t\t\t\t\t\t<\/div>\n\t\t\t\t<\/div>\n\t\t\t\t\t<\/div>\n\t\t<\/div>\n\t\t\t\t<div class=\"elementor-column elementor-col-33 elementor-inner-column elementor-element elementor-element-251d40f\" data-id=\"251d40f\" data-element_type=\"column\" data-e-type=\"column\">\n\t\t\t<div class=\"elementor-widget-wrap\">\n\t\t\t\t\t\t\t<\/div>\n\t\t<\/div>\n\t\t\t\t<div class=\"elementor-column elementor-col-33 elementor-inner-column elementor-element elementor-element-db9db31\" data-id=\"db9db31\" data-element_type=\"column\" data-e-type=\"column\">\n\t\t\t<div class=\"elementor-widget-wrap elementor-element-populated\">\n\t\t\t\t\t\t<div class=\"elementor-element elementor-element-028a836 elementor-widget elementor-widget-image\" data-id=\"028a836\" data-element_type=\"widget\" data-e-type=\"widget\" data-widget_type=\"image.default\">\n\t\t\t\t<div class=\"elementor-widget-container\">\n\t\t\t\t\t\t\t\t\t\t\t\t\t\t\t<img decoding=\"async\" src=\"https:\/\/jlx.fi\/wp-content\/uploads\/elementor\/thumbs\/DNV_SE_ISO_9001_ISO_14001_col-q2ylr8x8wzbu6b2rbf2a42xpyajdeodvp4of2keby8.png\" title=\"DNV_SE_ISO_9001_ISO_14001_col\" alt=\"DNV_SE_ISO_9001_ISO_14001_col\" loading=\"lazy\" \/>\t\t\t\t\t\t\t\t\t\t\t\t\t\t\t<\/div>\n\t\t\t\t<\/div>\n\t\t\t\t\t<\/div>\n\t\t<\/div>\n\t\t\t\t\t<\/div>\n\t\t<\/section>\n\t\t\t\t<section class=\"elementor-section elementor-inner-section elementor-element elementor-element-5f308c1 elementor-section-boxed elementor-section-height-default elementor-section-height-default\" data-id=\"5f308c1\" data-element_type=\"section\" data-e-type=\"section\">\n\t\t\t\t\t\t<div class=\"elementor-container elementor-column-gap-default\">\n\t\t\t\t\t<div class=\"elementor-column elementor-col-33 elementor-inner-column elementor-element elementor-element-9420d0c\" data-id=\"9420d0c\" data-element_type=\"column\" data-e-type=\"column\">\n\t\t\t<div class=\"elementor-widget-wrap elementor-element-populated\">\n\t\t\t\t\t\t<div class=\"elementor-element elementor-element-4756968 elementor-widget elementor-widget-image\" data-id=\"4756968\" data-element_type=\"widget\" data-e-type=\"widget\" data-widget_type=\"image.default\">\n\t\t\t\t<div class=\"elementor-widget-container\">\n\t\t\t\t\t\t\t\t\t\t\t\t\t\t\t<img decoding=\"async\" src=\"https:\/\/jlx.fi\/wp-content\/uploads\/elementor\/thumbs\/rinki_-nolod7s37jb00jcne06nmlrj9erttxnf91vwooyt4w.png\" title=\"rinki_\" alt=\"rinki_\" loading=\"lazy\" \/>\t\t\t\t\t\t\t\t\t\t\t\t\t\t\t<\/div>\n\t\t\t\t<\/div>\n\t\t\t\t\t<\/div>\n\t\t<\/div>\n\t\t\t\t<div class=\"elementor-column elementor-col-33 elementor-inner-column elementor-element elementor-element-0b1b699\" data-id=\"0b1b699\" data-element_type=\"column\" data-e-type=\"column\">\n\t\t\t<div class=\"elementor-widget-wrap elementor-element-populated\">\n\t\t\t\t\t\t<div class=\"elementor-element elementor-element-52cf0d7 elementor-widget elementor-widget-image\" data-id=\"52cf0d7\" data-element_type=\"widget\" data-e-type=\"widget\" data-widget_type=\"image.default\">\n\t\t\t\t<div class=\"elementor-widget-container\">\n\t\t\t\t\t\t\t\t\t\t\t\t\t\t\t<img decoding=\"async\" width=\"300\" height=\"126\" src=\"https:\/\/jlx.fi\/wp-content\/uploads\/2016\/01\/LK_pieni.jpg\" class=\"attachment-large size-large wp-image-1803\" alt=\"Luotettava kumppani\" srcset=\"https:\/\/jlx.fi\/wp-content\/uploads\/2016\/01\/LK_pieni.jpg 300w, https:\/\/jlx.fi\/wp-content\/uploads\/2016\/01\/LK_pieni-250x105.jpg 250w, https:\/\/jlx.fi\/wp-content\/uploads\/2016\/01\/LK_pieni-120x50.jpg 120w\" sizes=\"(max-width: 300px) 100vw, 300px\" \/>\t\t\t\t\t\t\t\t\t\t\t\t\t\t\t<\/div>\n\t\t\t\t<\/div>\n\t\t\t\t\t<\/div>\n\t\t<\/div>\n\t\t\t\t<div class=\"elementor-column elementor-col-33 elementor-inner-column elementor-element elementor-element-ea751e9\" data-id=\"ea751e9\" data-element_type=\"column\" data-e-type=\"column\">\n\t\t\t<div class=\"elementor-widget-wrap\">\n\t\t\t\t\t\t\t<\/div>\n\t\t<\/div>\n\t\t\t\t\t<\/div>\n\t\t<\/section>\n\t\t\t\t\t<\/div>\n\t\t<\/div>\n\t\t\t\t<div class=\"elementor-column elementor-col-50 elementor-top-column elementor-element elementor-element-4496deb\" data-id=\"4496deb\" data-element_type=\"column\" data-e-type=\"column\">\n\t\t\t<div class=\"elementor-widget-wrap elementor-element-populated\">\n\t\t\t\t\t\t<div class=\"elementor-element elementor-element-235a245 elementor-widget elementor-widget-heading\" data-id=\"235a245\" data-element_type=\"widget\" data-e-type=\"widget\" data-widget_type=\"heading.default\">\n\t\t\t\t<div class=\"elementor-widget-container\">\n\t\t\t\t\t<h2 class=\"elementor-heading-title elementor-size-default\">V\u00e5r v\u00e4rfegrund<\/h2>\t\t\t\t<\/div>\n\t\t\t\t<\/div>\n\t\t\t\t<div class=\"elementor-element elementor-element-d5e15aa elementor-widget elementor-widget-text-editor\" data-id=\"d5e15aa\" data-element_type=\"widget\" data-e-type=\"widget\" data-widget_type=\"text-editor.default\">\n\t\t\t\t<div class=\"elementor-widget-container\">\n\t\t\t\t\t\t\t\t\t<h3><span style=\"color: #44a742;\">Fortg\u00e5ende utvecling av verksamheten<br \/>\n<\/span><\/h3>\n<p>Vi satsar p\u00e5 kvalitet och tillf\u00f6rlitlighet p\u00e5 l\u00e5ng sikt. Vi str\u00e4var efter att vara en f\u00f6reg\u00e5ngare inom v\u00e5r bransch f\u00f6r att \u00e4ven i framtiden kunna vara en konkurrenskraftig partner f\u00f6r v\u00e5ra kunder.<\/p>\n<h3><span style=\"color: #44a742;\">L\u00f6sningss\u00f6kande<\/span><\/h3>\n<p>Vi vill utvecklas tillsammans med v\u00e5ra kunder och f\u00f6rst\u00e5 deras individuella behov och krav och vi vill p\u00e5 alla s\u00e4tt tillm\u00f6tesg\u00e5 och uppfylla dessa.<\/p>\n<h3><span style=\"color: #44a742;\">Verksamhetens l\u00f6nsamhet<br \/>\n<\/span><\/h3>\n<p>Vi vill att man k\u00e4nner oss som ett stabilt familjef\u00f6retag. V\u00e5rt m\u00e5l \u00e4r att genom v\u00e5r egen verksamhet bidra till att v\u00e5ra kunders aff\u00e4rsverksamhet v\u00e4xer.<\/p>\n<h3><span style=\"color: #44a742;\">S\u00e4kerheten i arbetet<br \/>\n<\/span><\/h3>\n<p>Vi \u00e4r en uppmuntrande, utvecklande och kompetent arbetsplats som skapar arbetstagarna goda och trygga arbetsf\u00f6rh\u00e5llanden och goda f\u00f6ruts\u00e4ttningar f\u00f6r arbetet.<\/p>\n\t\t\t\t\t\t\t\t<\/div>\n\t\t\t\t<\/div>\n\t\t\t\t\t<\/div>\n\t\t<\/div>\n\t\t\t\t\t<\/div>\n\t\t<\/section>\n\t\t\t\t<section class=\"elementor-section elementor-top-section elementor-element elementor-element-298858b elementor-hidden-phone elementor-section-boxed elementor-section-height-default elementor-section-height-default\" data-id=\"298858b\" data-element_type=\"section\" data-e-type=\"section\">\n\t\t\t\t\t\t<div class=\"elementor-container elementor-column-gap-default\">\n\t\t\t\t\t<div class=\"elementor-column elementor-col-100 elementor-top-column elementor-element elementor-element-9e62830\" data-id=\"9e62830\" data-element_type=\"column\" data-e-type=\"column\">\n\t\t\t<div class=\"elementor-widget-wrap elementor-element-populated\">\n\t\t\t\t\t\t<div class=\"elementor-element elementor-element-f68aa07 elementor-widget elementor-widget-spacer\" data-id=\"f68aa07\" data-element_type=\"widget\" data-e-type=\"widget\" data-widget_type=\"spacer.default\">\n\t\t\t\t<div class=\"elementor-widget-container\">\n\t\t\t\t\t\t\t<div class=\"elementor-spacer\">\n\t\t\t<div class=\"elementor-spacer-inner\"><\/div>\n\t\t<\/div>\n\t\t\t\t\t\t<\/div>\n\t\t\t\t<\/div>\n\t\t\t\t<div class=\"elementor-element elementor-element-598ad13 elementor-widget elementor-widget-heading\" data-id=\"598ad13\" data-element_type=\"widget\" data-e-type=\"widget\" data-widget_type=\"heading.default\">\n\t\t\t\t<div class=\"elementor-widget-container\">\n\t\t\t\t\t<h3 class=\"elementor-heading-title elementor-size-default\">Historia<\/h3>\t\t\t\t<\/div>\n\t\t\t\t<\/div>\n\t\t\t\t<div class=\"elementor-element elementor-element-3c6ff39 elementor-widget elementor-widget-image\" data-id=\"3c6ff39\" data-element_type=\"widget\" data-e-type=\"widget\" data-widget_type=\"image.default\">\n\t\t\t\t<div class=\"elementor-widget-container\">\n\t\t\t\t\t\t\t\t\t\t\t\t\t\t\t<img fetchpriority=\"high\" decoding=\"async\" width=\"888\" height=\"98\" src=\"https:\/\/jlx.fi\/wp-content\/uploads\/2019\/09\/jana888x97_2019-1.png\" class=\"attachment-full size-full wp-image-1806\" alt=\"\" srcset=\"https:\/\/jlx.fi\/wp-content\/uploads\/2019\/09\/jana888x97_2019-1.png 888w, https:\/\/jlx.fi\/wp-content\/uploads\/2019\/09\/jana888x97_2019-1-250x28.png 250w, https:\/\/jlx.fi\/wp-content\/uploads\/2019\/09\/jana888x97_2019-1-700x77.png 700w, https:\/\/jlx.fi\/wp-content\/uploads\/2019\/09\/jana888x97_2019-1-768x85.png 768w, https:\/\/jlx.fi\/wp-content\/uploads\/2019\/09\/jana888x97_2019-1-120x13.png 120w\" sizes=\"(max-width: 888px) 100vw, 888px\" \/>\t\t\t\t\t\t\t\t\t\t\t\t\t\t\t<\/div>\n\t\t\t\t<\/div>\n\t\t\t\t<section class=\"elementor-section elementor-inner-section elementor-element elementor-element-dee8e12 elementor-section-boxed elementor-section-height-default elementor-section-height-default\" data-id=\"dee8e12\" data-element_type=\"section\" data-e-type=\"section\">\n\t\t\t\t\t\t<div class=\"elementor-container elementor-column-gap-default\">\n\t\t\t\t\t<div class=\"elementor-column elementor-col-16 elementor-inner-column elementor-element elementor-element-4011845\" data-id=\"4011845\" data-element_type=\"column\" data-e-type=\"column\">\n\t\t\t<div class=\"elementor-widget-wrap elementor-element-populated\">\n\t\t\t\t\t\t<div class=\"elementor-element elementor-element-72236d9 elementor-widget elementor-widget-text-editor\" data-id=\"72236d9\" data-element_type=\"widget\" data-e-type=\"widget\" data-widget_type=\"text-editor.default\">\n\t\t\t\t<div class=\"elementor-widget-container\">\n\t\t\t\t\t\t\t\t\t<p>JL-Joustoliitin grundas i Raumo. Produktionen av olika till\u00e4mpningar av kompensatorer och v\u00e4rmefasta textilier inleds.<\/p>\n\t\t\t\t\t\t\t\t<\/div>\n\t\t\t\t<\/div>\n\t\t\t\t\t<\/div>\n\t\t<\/div>\n\t\t\t\t<div class=\"elementor-column elementor-col-16 elementor-inner-column elementor-element elementor-element-26f3919\" data-id=\"26f3919\" data-element_type=\"column\" data-e-type=\"column\">\n\t\t\t<div class=\"elementor-widget-wrap elementor-element-populated\">\n\t\t\t\t\t\t<div class=\"elementor-element elementor-element-4177b42 elementor-widget elementor-widget-text-editor\" data-id=\"4177b42\" data-element_type=\"widget\" data-e-type=\"widget\" data-widget_type=\"text-editor.default\">\n\t\t\t\t<div class=\"elementor-widget-container\">\n\t\t\t\t\t\t\t\t\t<p>Joustoliitin b\u00f6rjar tillverka delar som skyddar fordonsmotorer.<\/p>\n\t\t\t\t\t\t\t\t<\/div>\n\t\t\t\t<\/div>\n\t\t\t\t\t<\/div>\n\t\t<\/div>\n\t\t\t\t<div class=\"elementor-column elementor-col-16 elementor-inner-column elementor-element elementor-element-097a38e\" data-id=\"097a38e\" data-element_type=\"column\" data-e-type=\"column\">\n\t\t\t<div class=\"elementor-widget-wrap elementor-element-populated\">\n\t\t\t\t\t\t<div class=\"elementor-element elementor-element-a20397d elementor-widget elementor-widget-text-editor\" data-id=\"a20397d\" data-element_type=\"widget\" data-e-type=\"widget\" data-widget_type=\"text-editor.default\">\n\t\t\t\t<div class=\"elementor-widget-container\">\n\t\t\t\t\t\t\t\t\t<p>Exporten inleds.<\/p>\n\t\t\t\t\t\t\t\t<\/div>\n\t\t\t\t<\/div>\n\t\t\t\t\t<\/div>\n\t\t<\/div>\n\t\t\t\t<div class=\"elementor-column elementor-col-16 elementor-inner-column elementor-element elementor-element-61c2dcf\" data-id=\"61c2dcf\" data-element_type=\"column\" data-e-type=\"column\">\n\t\t\t<div class=\"elementor-widget-wrap elementor-element-populated\">\n\t\t\t\t\t\t<div class=\"elementor-element elementor-element-dba3f40 elementor-widget elementor-widget-text-editor\" data-id=\"dba3f40\" data-element_type=\"widget\" data-e-type=\"widget\" data-widget_type=\"text-editor.default\">\n\t\t\t\t<div class=\"elementor-widget-container\">\n\t\t\t\t\t\t\t\t\t<p>Joustoliitin k\u00f6per sin konkurrent Filtercon.<\/p>\n\t\t\t\t\t\t\t\t<\/div>\n\t\t\t\t<\/div>\n\t\t\t\t\t<\/div>\n\t\t<\/div>\n\t\t\t\t<div class=\"elementor-column elementor-col-16 elementor-inner-column elementor-element elementor-element-c33e0ab\" data-id=\"c33e0ab\" data-element_type=\"column\" data-e-type=\"column\">\n\t\t\t<div class=\"elementor-widget-wrap elementor-element-populated\">\n\t\t\t\t\t\t<div class=\"elementor-element elementor-element-20c0922 elementor-widget elementor-widget-text-editor\" data-id=\"20c0922\" data-element_type=\"widget\" data-e-type=\"widget\" data-widget_type=\"text-editor.default\">\n\t\t\t\t<div class=\"elementor-widget-container\">\n\t\t\t\t\t\t\t\t\t<p>F\u00f6retaget byter namn till JLX Industry.<\/p>\n\t\t\t\t\t\t\t\t<\/div>\n\t\t\t\t<\/div>\n\t\t\t\t\t<\/div>\n\t\t<\/div>\n\t\t\t\t<div class=\"elementor-column elementor-col-16 elementor-inner-column elementor-element elementor-element-d203172\" data-id=\"d203172\" data-element_type=\"column\" data-e-type=\"column\">\n\t\t\t<div class=\"elementor-widget-wrap elementor-element-populated\">\n\t\t\t\t\t\t<div class=\"elementor-element elementor-element-a65ec3b elementor-widget elementor-widget-image\" data-id=\"a65ec3b\" data-element_type=\"widget\" data-e-type=\"widget\" data-widget_type=\"image.default\">\n\t\t\t\t<div class=\"elementor-widget-container\">\n\t\t\t\t\t\t\t\t\t\t\t\t\t\t\t<img decoding=\"async\" src=\"https:\/\/jlx.fi\/wp-content\/uploads\/elementor\/thumbs\/25vu-oecg0ybxk0sqm8rpzznibeb24l8cc8nsvlj42fosqu.png\" title=\"25vu\" alt=\"25vu\" loading=\"lazy\" \/>\t\t\t\t\t\t\t\t\t\t\t\t\t\t\t<\/div>\n\t\t\t\t<\/div>\n\t\t\t\t\t<\/div>\n\t\t<\/div>\n\t\t\t\t\t<\/div>\n\t\t<\/section>\n\t\t\t\t<div class=\"elementor-element elementor-element-f98f04d elementor-widget elementor-widget-spacer\" data-id=\"f98f04d\" data-element_type=\"widget\" data-e-type=\"widget\" data-widget_type=\"spacer.default\">\n\t\t\t\t<div class=\"elementor-widget-container\">\n\t\t\t\t\t\t\t<div class=\"elementor-spacer\">\n\t\t\t<div class=\"elementor-spacer-inner\"><\/div>\n\t\t<\/div>\n\t\t\t\t\t\t<\/div>\n\t\t\t\t<\/div>\n\t\t\t\t<div class=\"elementor-element elementor-element-57679de elementor-widget elementor-widget-image\" data-id=\"57679de\" data-element_type=\"widget\" data-e-type=\"widget\" data-widget_type=\"image.default\">\n\t\t\t\t<div class=\"elementor-widget-container\">\n\t\t\t\t\t\t\t\t\t\t\t\t\t\t\t<img decoding=\"async\" width=\"896\" height=\"155\" src=\"https:\/\/jlx.fi\/wp-content\/uploads\/2016\/01\/yritys-2-1.jpg\" class=\"attachment-full size-full wp-image-1812\" alt=\"Yrityksen historia\" srcset=\"https:\/\/jlx.fi\/wp-content\/uploads\/2016\/01\/yritys-2-1.jpg 896w, https:\/\/jlx.fi\/wp-content\/uploads\/2016\/01\/yritys-2-1-250x43.jpg 250w, https:\/\/jlx.fi\/wp-content\/uploads\/2016\/01\/yritys-2-1-700x121.jpg 700w, https:\/\/jlx.fi\/wp-content\/uploads\/2016\/01\/yritys-2-1-768x133.jpg 768w, https:\/\/jlx.fi\/wp-content\/uploads\/2016\/01\/yritys-2-1-120x21.jpg 120w\" sizes=\"(max-width: 896px) 100vw, 896px\" \/>\t\t\t\t\t\t\t\t\t\t\t\t\t\t\t<\/div>\n\t\t\t\t<\/div>\n\t\t\t\t\t<\/div>\n\t\t<\/div>\n\t\t\t\t\t<\/div>\n\t\t<\/section>\n\t\t\t\t<\/div>\n\t\t","protected":false},"excerpt":{"rendered":"<p>JLX Industry JLX Industry \u00e4r ett familjef\u00f6retag med l\u00e5nga anor fr\u00e5n Raumo. Vi erbjuder v\u00e5ra kunder i industrin \u00f6vergripande, skr\u00e4ddarsydda och med tanke p\u00e5 energif\u00f6rbrukningen optimala speciall\u00f6sningar som vanligtvis anknyter till ett behov eller problem som beror p\u00e5 v\u00e4rme. Vi hanterar v\u00e4rmeutvidgning, producerar brands\u00e4kerhet, j\u00e4mnar ut vibrationer och f\u00f6rb\u00e4ttrar kontrollen av processer. Vi isolerar varmt [&hellip;]<\/p>\n","protected":false},"author":1,"featured_media":1815,"parent":0,"menu_order":80,"comment_status":"closed","ping_status":"closed","template":"","meta":{"footnotes":""},"class_list":["post-1801","page","type-page","status-publish","has-post-thumbnail","hentry"],"aioseo_notices":[],"_links":{"self":[{"href":"https:\/\/jlx.fi\/sv\/wp-json\/wp\/v2\/pages\/1801","targetHints":{"allow":["GET"]}}],"collection":[{"href":"https:\/\/jlx.fi\/sv\/wp-json\/wp\/v2\/pages"}],"about":[{"href":"https:\/\/jlx.fi\/sv\/wp-json\/wp\/v2\/types\/page"}],"author":[{"embeddable":true,"href":"https:\/\/jlx.fi\/sv\/wp-json\/wp\/v2\/users\/1"}],"replies":[{"embeddable":true,"href":"https:\/\/jlx.fi\/sv\/wp-json\/wp\/v2\/comments?post=1801"}],"version-history":[{"count":15,"href":"https:\/\/jlx.fi\/sv\/wp-json\/wp\/v2\/pages\/1801\/revisions"}],"predecessor-version":[{"id":3874,"href":"https:\/\/jlx.fi\/sv\/wp-json\/wp\/v2\/pages\/1801\/revisions\/3874"}],"wp:featuredmedia":[{"embeddable":true,"href":"https:\/\/jlx.fi\/sv\/wp-json\/wp\/v2\/media\/1815"}],"wp:attachment":[{"href":"https:\/\/jlx.fi\/sv\/wp-json\/wp\/v2\/media?parent=1801"}],"curies":[{"name":"wp","href":"https:\/\/api.w.org\/{rel}","templated":true}]}}