{"id":3145,"date":"2022-03-16T10:57:54","date_gmt":"2022-03-16T10:57:54","guid":{"rendered":"https:\/\/jlx.fi\/unternehmen\/zertifikat\/"},"modified":"2024-01-22T13:00:34","modified_gmt":"2024-01-22T13:00:34","slug":"zertifikat","status":"publish","type":"page","link":"https:\/\/jlx.fi\/de\/unternehmen\/zertifikat\/","title":{"rendered":"Zertifikat"},"content":{"rendered":"\t\t<div data-elementor-type=\"wp-page\" data-elementor-id=\"3145\" class=\"elementor elementor-3145 elementor-909\" data-elementor-post-type=\"page\">\n\t\t\t\t\t\t<section class=\"elementor-section elementor-top-section elementor-element elementor-element-458bc1a2 elementor-section-boxed elementor-section-height-default elementor-section-height-default\" data-id=\"458bc1a2\" data-element_type=\"section\" data-e-type=\"section\">\n\t\t\t\t\t\t<div class=\"elementor-container elementor-column-gap-default\">\n\t\t\t\t\t<div class=\"elementor-column elementor-col-100 elementor-top-column elementor-element elementor-element-19f352b4\" data-id=\"19f352b4\" data-element_type=\"column\" data-e-type=\"column\">\n\t\t\t<div class=\"elementor-widget-wrap elementor-element-populated\">\n\t\t\t\t\t\t<div class=\"elementor-element elementor-element-9eea9d1 elementor-widget elementor-widget-heading\" data-id=\"9eea9d1\" data-element_type=\"widget\" data-e-type=\"widget\" data-widget_type=\"heading.default\">\n\t\t\t\t<div class=\"elementor-widget-container\">\n\t\t\t\t\t<h2 class=\"elementor-heading-title elementor-size-default\">Qualit\u00e4ts- und Umweltmanagement von JLX Industry Oy nach ISO 9001:2015 und ISO 14001:2015<\/h2>\t\t\t\t<\/div>\n\t\t\t\t<\/div>\n\t\t\t\t<div class=\"elementor-element elementor-element-6c0a818 elementor-widget elementor-widget-text-editor\" data-id=\"6c0a818\" data-element_type=\"widget\" data-e-type=\"widget\" data-widget_type=\"text-editor.default\">\n\t\t\t\t<div class=\"elementor-widget-container\">\n\t\t\t\t\t\t\t\t\tIm Mittelpunkt unserer T\u00e4tigkeit stehen Arbeitssicherheit, Qualit\u00e4t und kontinuierliche Entwicklung. Wir sind nach ISO 9001:2015 und ISO 14001:2015 zertifiziert, d. h. unser Qualit\u00e4ts- und Umweltmanagement wird auch weiterhin auf h\u00f6chstem Niveau gehalten.\t\t\t\t\t\t\t\t<\/div>\n\t\t\t\t<\/div>\n\t\t\t\t<section class=\"elementor-section elementor-inner-section elementor-element elementor-element-2d8ad80 elementor-section-boxed elementor-section-height-default elementor-section-height-default\" data-id=\"2d8ad80\" data-element_type=\"section\" data-e-type=\"section\">\n\t\t\t\t\t\t<div class=\"elementor-container elementor-column-gap-default\">\n\t\t\t\t\t<div class=\"elementor-column elementor-col-50 elementor-inner-column elementor-element elementor-element-18f714b\" data-id=\"18f714b\" data-element_type=\"column\" data-e-type=\"column\">\n\t\t\t<div class=\"elementor-widget-wrap elementor-element-populated\">\n\t\t\t\t\t\t<div class=\"elementor-element elementor-element-1f8e1a8 elementor-widget elementor-widget-image\" data-id=\"1f8e1a8\" data-element_type=\"widget\" data-e-type=\"widget\" data-widget_type=\"image.default\">\n\t\t\t\t<div class=\"elementor-widget-container\">\n\t\t\t\t\t\t\t\t\t\t\t\t\t\t\t\t<a href=\"https:\/\/jlx.fi\/wp-content\/uploads\/2024\/01\/ISO-9001-215758-2017-AQ-FIN-FINAS-2-en-US-20230228-20230228130820.pdf\" target=\"_blank\">\n\t\t\t\t\t\t\t<img fetchpriority=\"high\" decoding=\"async\" width=\"212\" height=\"300\" src=\"https:\/\/jlx.fi\/wp-content\/uploads\/2024\/01\/ISO-9001-215758-2017-AQ-FIN-FINAS-2-en-US-20230228-20230228130820_Sivu_1-212x300.png\" class=\"attachment-medium size-medium wp-image-3806\" alt=\"\" srcset=\"https:\/\/jlx.fi\/wp-content\/uploads\/2024\/01\/ISO-9001-215758-2017-AQ-FIN-FINAS-2-en-US-20230228-20230228130820_Sivu_1-212x300.png 212w, https:\/\/jlx.fi\/wp-content\/uploads\/2024\/01\/ISO-9001-215758-2017-AQ-FIN-FINAS-2-en-US-20230228-20230228130820_Sivu_1-724x1024.png 724w, https:\/\/jlx.fi\/wp-content\/uploads\/2024\/01\/ISO-9001-215758-2017-AQ-FIN-FINAS-2-en-US-20230228-20230228130820_Sivu_1-768x1086.png 768w, https:\/\/jlx.fi\/wp-content\/uploads\/2024\/01\/ISO-9001-215758-2017-AQ-FIN-FINAS-2-en-US-20230228-20230228130820_Sivu_1-1086x1536.png 1086w, https:\/\/jlx.fi\/wp-content\/uploads\/2024\/01\/ISO-9001-215758-2017-AQ-FIN-FINAS-2-en-US-20230228-20230228130820_Sivu_1-1448x2048.png 1448w, https:\/\/jlx.fi\/wp-content\/uploads\/2024\/01\/ISO-9001-215758-2017-AQ-FIN-FINAS-2-en-US-20230228-20230228130820_Sivu_1.png 1654w\" sizes=\"(max-width: 212px) 100vw, 212px\" \/>\t\t\t\t\t\t\t\t<\/a>\n\t\t\t\t\t\t\t\t\t\t\t\t\t\t\t<\/div>\n\t\t\t\t<\/div>\n\t\t\t\t\t<\/div>\n\t\t<\/div>\n\t\t\t\t<div class=\"elementor-column elementor-col-50 elementor-inner-column elementor-element elementor-element-eb5f9ce\" data-id=\"eb5f9ce\" data-element_type=\"column\" data-e-type=\"column\">\n\t\t\t<div class=\"elementor-widget-wrap elementor-element-populated\">\n\t\t\t\t\t\t<div class=\"elementor-element elementor-element-344ad65 elementor-widget elementor-widget-image\" data-id=\"344ad65\" data-element_type=\"widget\" data-e-type=\"widget\" data-widget_type=\"image.default\">\n\t\t\t\t<div class=\"elementor-widget-container\">\n\t\t\t\t\t\t\t\t\t\t\t\t\t\t\t\t<a href=\"https:\/\/jlx.fi\/wp-content\/uploads\/2024\/01\/ISO-14001-215759-2017-AE-FIN-FINAS-2-en-US-20230228-20230228130945.pdf\" target=\"_blank\">\n\t\t\t\t\t\t\t<img decoding=\"async\" width=\"212\" height=\"300\" src=\"https:\/\/jlx.fi\/wp-content\/uploads\/2024\/01\/ISO-14001-215759-2017-AE-FIN-FINAS-2-en-US-20230228-20230228130945_Sivu_1-212x300.png\" class=\"attachment-medium size-medium wp-image-3798\" alt=\"\" srcset=\"https:\/\/jlx.fi\/wp-content\/uploads\/2024\/01\/ISO-14001-215759-2017-AE-FIN-FINAS-2-en-US-20230228-20230228130945_Sivu_1-212x300.png 212w, https:\/\/jlx.fi\/wp-content\/uploads\/2024\/01\/ISO-14001-215759-2017-AE-FIN-FINAS-2-en-US-20230228-20230228130945_Sivu_1-724x1024.png 724w, https:\/\/jlx.fi\/wp-content\/uploads\/2024\/01\/ISO-14001-215759-2017-AE-FIN-FINAS-2-en-US-20230228-20230228130945_Sivu_1-768x1086.png 768w, https:\/\/jlx.fi\/wp-content\/uploads\/2024\/01\/ISO-14001-215759-2017-AE-FIN-FINAS-2-en-US-20230228-20230228130945_Sivu_1-1086x1536.png 1086w, https:\/\/jlx.fi\/wp-content\/uploads\/2024\/01\/ISO-14001-215759-2017-AE-FIN-FINAS-2-en-US-20230228-20230228130945_Sivu_1-1448x2048.png 1448w, https:\/\/jlx.fi\/wp-content\/uploads\/2024\/01\/ISO-14001-215759-2017-AE-FIN-FINAS-2-en-US-20230228-20230228130945_Sivu_1.png 1654w\" sizes=\"(max-width: 212px) 100vw, 212px\" \/>\t\t\t\t\t\t\t\t<\/a>\n\t\t\t\t\t\t\t\t\t\t\t\t\t\t\t<\/div>\n\t\t\t\t<\/div>\n\t\t\t\t\t<\/div>\n\t\t<\/div>\n\t\t\t\t\t<\/div>\n\t\t<\/section>\n\t\t\t\t\t<\/div>\n\t\t<\/div>\n\t\t\t\t\t<\/div>\n\t\t<\/section>\n\t\t\t\t<section class=\"elementor-section elementor-top-section elementor-element elementor-element-c3fd245 elementor-section-boxed elementor-section-height-default elementor-section-height-default\" data-id=\"c3fd245\" data-element_type=\"section\" data-e-type=\"section\">\n\t\t\t\t\t\t<div class=\"elementor-container elementor-column-gap-default\">\n\t\t\t\t\t<div class=\"elementor-column elementor-col-100 elementor-top-column elementor-element elementor-element-aee210c\" data-id=\"aee210c\" data-element_type=\"column\" data-e-type=\"column\">\n\t\t\t<div class=\"elementor-widget-wrap elementor-element-populated\">\n\t\t\t\t\t\t<div class=\"elementor-element elementor-element-5fae861 elementor-widget elementor-widget-text-editor\" data-id=\"5fae861\" data-element_type=\"widget\" data-e-type=\"widget\" data-widget_type=\"text-editor.default\">\n\t\t\t\t<div class=\"elementor-widget-container\">\n\t\t\t\t\t\t\t\t\t<h2>HANDLUNGSPRINZIPIEN<\/p>\n(QUALIT\u00c4TS- UND UMWELTPOLITIK)<\/h2>\n\nWir sind bestrebt, uns weltweit als bedeutender Branchenakteur zu profilieren.\n<\/p>\nZum Erreichen dieses Ziels stellen wir sicher, dass unsere Managementsysteme st\u00e4ndig die Anforderungen nach ISO 9001 und ISO 14001 erf\u00fcllen. Wir setzen auf Kundenorientiertheit und Transparenz und verstehen uns als Teil der Gesellschaft und Umwelt.\n<\/p>\nWir erf\u00fcllen alle gesetzlichen und gesellschaftlichen Vorgaben. Wir setzen uns mit den Kundenbed\u00fcrfnissen auseinander und arbeiten eng mit den Kunden zusammen, wodurch ein rentables Wachstum unseres Unternehmens sowie Kundenzufriedenheit gew\u00e4hrleistet werden k\u00f6nnen. Wir entwickeln unsere Leistungen kontinuierlich auf der Grundlage von Kundenfeedback.\n<\/p>\nWir stecken hohe Anstrengungen in Arbeitssicherheit und Mitarbeiterwohlbefinden und entwickeln unser Personal um zu gew\u00e4hrleisten, dass jeder und jede Einzelne hinter der Qualit\u00e4t der eigenen Arbeit stehen kann. Bei der Produktplanung zielen wir auf m\u00f6glichst minimale Umweltauswirkungen w\u00e4hrend Herstellung und Gebrauch des Produkts. Wir bieten ausgefeilte, zuverl\u00e4ssige und langfristige L\u00f6sungen. Unser Fokus liegt auf der Minimierung der Umweltauswirkungen unserer Produktion. Wir haben klare Ziele definiert und evaluieren die Umsetzung dieser Ziele. Wir haben uns einem kontinuierlichen Verbesserungsprozess verpflichtet.\n\t\t\t\t\t\t\t\t<\/div>\n\t\t\t\t<\/div>\n\t\t\t\t\t<\/div>\n\t\t<\/div>\n\t\t\t\t\t<\/div>\n\t\t<\/section>\n\t\t\t\t<\/div>\n\t\t","protected":false},"excerpt":{"rendered":"<p>Qualit\u00e4ts- und Umweltmanagement von JLX Industry Oy nach ISO 9001:2015 und ISO 14001:2015 Im Mittelpunkt unserer T\u00e4tigkeit stehen Arbeitssicherheit, Qualit\u00e4t und kontinuierliche Entwicklung. Wir sind nach ISO 9001:2015 und ISO 14001:2015 zertifiziert, d. h. unser Qualit\u00e4ts- und Umweltmanagement wird auch weiterhin auf h\u00f6chstem Niveau gehalten. HANDLUNGSPRINZIPIEN (QUALIT\u00c4TS- UND UMWELTPOLITIK) Wir sind bestrebt, uns weltweit als [&hellip;]<\/p>\n","protected":false},"author":1,"featured_media":2553,"parent":3023,"menu_order":0,"comment_status":"closed","ping_status":"closed","template":"","meta":{"footnotes":""},"class_list":["post-3145","page","type-page","status-publish","has-post-thumbnail","hentry"],"aioseo_notices":[],"_links":{"self":[{"href":"https:\/\/jlx.fi\/de\/wp-json\/wp\/v2\/pages\/3145","targetHints":{"allow":["GET"]}}],"collection":[{"href":"https:\/\/jlx.fi\/de\/wp-json\/wp\/v2\/pages"}],"about":[{"href":"https:\/\/jlx.fi\/de\/wp-json\/wp\/v2\/types\/page"}],"author":[{"embeddable":true,"href":"https:\/\/jlx.fi\/de\/wp-json\/wp\/v2\/users\/1"}],"replies":[{"embeddable":true,"href":"https:\/\/jlx.fi\/de\/wp-json\/wp\/v2\/comments?post=3145"}],"version-history":[{"count":25,"href":"https:\/\/jlx.fi\/de\/wp-json\/wp\/v2\/pages\/3145\/revisions"}],"predecessor-version":[{"id":3943,"href":"https:\/\/jlx.fi\/de\/wp-json\/wp\/v2\/pages\/3145\/revisions\/3943"}],"up":[{"embeddable":true,"href":"https:\/\/jlx.fi\/de\/wp-json\/wp\/v2\/pages\/3023"}],"wp:featuredmedia":[{"embeddable":true,"href":"https:\/\/jlx.fi\/de\/wp-json\/wp\/v2\/media\/2553"}],"wp:attachment":[{"href":"https:\/\/jlx.fi\/de\/wp-json\/wp\/v2\/media?parent=3145"}],"curies":[{"name":"wp","href":"https:\/\/api.w.org\/{rel}","templated":true}]}}