{"id":3002,"date":"2022-03-11T12:42:49","date_gmt":"2022-03-11T12:42:49","guid":{"rendered":"https:\/\/jlx.fi\/startseite\/industrielle-investitionsprojekte\/"},"modified":"2022-03-11T12:42:50","modified_gmt":"2022-03-11T12:42:50","slug":"industrielle-investitionsprojekte","status":"publish","type":"page","link":"https:\/\/jlx.fi\/de\/startseite\/industrielle-investitionsprojekte\/","title":{"rendered":"Industrielle Investitionsprojekte"},"content":{"rendered":"\t\t<div data-elementor-type=\"wp-page\" data-elementor-id=\"3002\" class=\"elementor elementor-3002 elementor-215\" data-elementor-post-type=\"page\">\n\t\t\t\t\t\t<section class=\"elementor-section elementor-top-section elementor-element elementor-element-69a529f9 elementor-section-boxed elementor-section-height-default elementor-section-height-default\" data-id=\"69a529f9\" data-element_type=\"section\" data-e-type=\"section\">\n\t\t\t\t\t\t<div class=\"elementor-container elementor-column-gap-default\">\n\t\t\t\t\t<div class=\"elementor-column elementor-col-100 elementor-top-column elementor-element elementor-element-39054f1f\" data-id=\"39054f1f\" data-element_type=\"column\" data-e-type=\"column\">\n\t\t\t<div class=\"elementor-widget-wrap elementor-element-populated\">\n\t\t\t\t\t\t<div class=\"elementor-element elementor-element-f629f1a elementor-widget elementor-widget-heading\" data-id=\"f629f1a\" data-element_type=\"widget\" data-e-type=\"widget\" data-widget_type=\"heading.default\">\n\t\t\t\t<div class=\"elementor-widget-container\">\n\t\t\t\t\t<h2 class=\"elementor-heading-title elementor-size-default\">Industrielle Investitionsprojekte<\/h2>\t\t\t\t<\/div>\n\t\t\t\t<\/div>\n\t\t\t\t<div class=\"elementor-element elementor-element-3100c350 elementor-widget elementor-widget-text-editor\" data-id=\"3100c350\" data-element_type=\"widget\" data-e-type=\"widget\" data-widget_type=\"text-editor.default\">\n\t\t\t\t<div class=\"elementor-widget-container\">\n\t\t\t\t\t\t\t\t\t<p>Unsere Produkte werden oft als Teil von gr\u00f6\u00dferen Industrieprojekten gefertigt. Gern sind wir bereit, unsere Kunden bereits in der Planungs- und Angebotsphase zu unterst\u00fctzen. \u00dcber unseren digitalen Dienst k\u00f6nnen unsere Kunden die erforderlichen Dokumente und Leitlinien in aktueller Form abrufen. Unsere Kunden k\u00f6nnen zudem auch in ihrer Produktentwicklung von unserem Know-how profitieren. Gemeinsam sind wir in der Lage, effiziente Handlungsmodelle zu erstellen.  Wir erm\u00f6glichen professionelle und kontrollierte Projektarbeit, von der Planung \u00fcber die Lieferung bis hin zum Lebenszyklusmanagement \u2013 zum Wohle unserer Kunden.<\/p>\r\n<p><strong>Ein Beispiel:<\/strong><\/p>\r\n<p>Ein Kunde ben\u00f6tigt Kompensatoren f\u00fcr ein bestimmtes Projekt. Als Ausgangsinformationen liegen die Hauptma\u00dfe, das Material und die Betriebsbedingungen des Kanals vor. JLX Industry konstruiert einen Kompensator, der auf den Einsatzort und die jeweiligen Einsatzbedingungen abgestimmt ist. Es handelt es sich um den gro\u00df dimensionierten Kanal einer Industrieanlage. Aufgrund der Gr\u00f6\u00dfe des Objekts muss der Stahlrahmen des Kompensators in Teilen zum Standort transportiert werden, da die Kosten des Stra\u00dfentransports ansonsten zu hoch w\u00e4ren.  Der am Kanal fest zu schwei\u00dfende Gewebekompensator wird einschlie\u00dflich Stahlrahmen im Werk von JLX Industry gefertigt. Die Lieferung erfolgt dann mit normalen Lkw-Transporten. Die Halbfertigteile werden am Standort zusammengebaut. Die Endarbeiten und gasdichten Verbindungen des Gewebekompensators werden von unserem Montageleiter ausgef\u00fchrt. JLX Industry \u00fcbernimmt gegebenenfalls auch die Montage des Kompensators am Kanal. Die \u00dcbergabe der Gesamtlieferung erfolgt vertragsgem\u00e4\u00df am endg\u00fcltigen Einsatzort.<br><\/p>\r\n<p><a href=\"https:\/\/jlx.fi\/de\/\">Zur\u00fcck zur Startseite<\/a><\/p>\t\t\t\t\t\t\t\t<\/div>\n\t\t\t\t<\/div>\n\t\t\t\t\t<\/div>\n\t\t<\/div>\n\t\t\t\t\t<\/div>\n\t\t<\/section>\n\t\t\t\t<\/div>\n\t\t","protected":false},"excerpt":{"rendered":"<p>Wir wickeln industrielle Investitionsprojekte mit einem hohen Ma\u00df an Professionalit\u00e4t und Kompetenz ab. \u00dcber unseren digitalen Dienst k\u00f6nnen unsere Kunden die erforderlichen Dokumente und Leitlinien in aktueller Form abrufen.<\/p>\n","protected":false},"author":1,"featured_media":2603,"parent":2996,"menu_order":6,"comment_status":"closed","ping_status":"closed","template":"","meta":{"footnotes":""},"class_list":["post-3002","page","type-page","status-publish","has-post-thumbnail","hentry"],"aioseo_notices":[],"_links":{"self":[{"href":"https:\/\/jlx.fi\/de\/wp-json\/wp\/v2\/pages\/3002","targetHints":{"allow":["GET"]}}],"collection":[{"href":"https:\/\/jlx.fi\/de\/wp-json\/wp\/v2\/pages"}],"about":[{"href":"https:\/\/jlx.fi\/de\/wp-json\/wp\/v2\/types\/page"}],"author":[{"embeddable":true,"href":"https:\/\/jlx.fi\/de\/wp-json\/wp\/v2\/users\/1"}],"replies":[{"embeddable":true,"href":"https:\/\/jlx.fi\/de\/wp-json\/wp\/v2\/comments?post=3002"}],"version-history":[{"count":1,"href":"https:\/\/jlx.fi\/de\/wp-json\/wp\/v2\/pages\/3002\/revisions"}],"predecessor-version":[{"id":3003,"href":"https:\/\/jlx.fi\/de\/wp-json\/wp\/v2\/pages\/3002\/revisions\/3003"}],"up":[{"embeddable":true,"href":"https:\/\/jlx.fi\/de\/wp-json\/wp\/v2\/pages\/2996"}],"wp:featuredmedia":[{"embeddable":true,"href":"https:\/\/jlx.fi\/de\/wp-json\/wp\/v2\/media\/2603"}],"wp:attachment":[{"href":"https:\/\/jlx.fi\/de\/wp-json\/wp\/v2\/media?parent=3002"}],"curies":[{"name":"wp","href":"https:\/\/api.w.org\/{rel}","templated":true}]}}